{"id":532,"date":"2024-12-05T07:56:29","date_gmt":"2024-12-05T06:56:29","guid":{"rendered":"https:\/\/lyradelalyre.com\/?post_type=product&#038;p=532"},"modified":"2025-12-09T00:48:49","modified_gmt":"2025-12-08T23:48:49","slug":"charte-de-la-nouvelle-terre-tome-i","status":"publish","type":"product","link":"https:\/\/lyradelalyre.com\/index.php\/produit\/charte-de-la-nouvelle-terre-tome-i\/","title":{"rendered":"Charte de la Nouvelle Terre &#8211; TOME I"},"content":{"rendered":"<p>[et_pb_section fb_built=\u00a0\u00bb1&Prime; _builder_version=\u00a0\u00bb4.27.4&Prime; background_enable_image=\u00a0\u00bboff\u00a0\u00bb custom_padding=\u00a0\u00bb0px||||false|false\u00a0\u00bb global_colors_info=\u00a0\u00bb{}\u00a0\u00bb][et_pb_row _builder_version=\u00a0\u00bb4.16&Prime; background_size=\u00a0\u00bbinitial\u00a0\u00bb background_position=\u00a0\u00bbtop_left\u00a0\u00bb background_repeat=\u00a0\u00bbrepeat\u00a0\u00bb width=\u00a0\u00bb100%\u00a0\u00bb custom_padding=\u00a0\u00bb0px||0px||false|false\u00a0\u00bb global_colors_info=\u00a0\u00bb{}\u00a0\u00bb][et_pb_column type=\u00a0\u00bb4_4&Prime; _builder_version=\u00a0\u00bb4.16&Prime; custom_padding=\u00a0\u00bb|||\u00a0\u00bb global_colors_info=\u00a0\u00bb{}\u00a0\u00bb custom_padding__hover=\u00a0\u00bb|||\u00a0\u00bb][et_pb_wc_breadcrumb _builder_version=\u00a0\u00bb4.16&Prime; global_colors_info=\u00a0\u00bb{}\u00a0\u00bb][\/et_pb_wc_breadcrumb][et_pb_wc_cart_notice _builder_version=\u00a0\u00bb4.27.4&Prime; background_color=\u00a0\u00bb#a9804a\u00a0\u00bb button_text_color=\u00a0\u00bb#000000&Prime; global_colors_info=\u00a0\u00bb{}\u00a0\u00bb][\/et_pb_wc_cart_notice][\/et_pb_column][\/et_pb_row][et_pb_row column_structure=\u00a0\u00bb1_2,1_2&Prime; _builder_version=\u00a0\u00bb4.16&Prime; background_size=\u00a0\u00bbinitial\u00a0\u00bb background_position=\u00a0\u00bbtop_left\u00a0\u00bb background_repeat=\u00a0\u00bbrepeat\u00a0\u00bb width=\u00a0\u00bb100%\u00a0\u00bb custom_padding=\u00a0\u00bb0px||||false|false\u00a0\u00bb global_colors_info=\u00a0\u00bb{}\u00a0\u00bb][et_pb_column type=\u00a0\u00bb1_2&Prime; _builder_version=\u00a0\u00bb4.16&Prime; custom_padding=\u00a0\u00bb|||\u00a0\u00bb global_colors_info=\u00a0\u00bb{}\u00a0\u00bb custom_padding__hover=\u00a0\u00bb|||\u00a0\u00bb][et_pb_wc_images _builder_version=\u00a0\u00bb4.16&Prime; global_colors_info=\u00a0\u00bb{}\u00a0\u00bb][\/et_pb_wc_images][\/et_pb_column][et_pb_column type=\u00a0\u00bb1_2&Prime; _builder_version=\u00a0\u00bb4.16&Prime; custom_padding=\u00a0\u00bb|||\u00a0\u00bb global_colors_info=\u00a0\u00bb{}\u00a0\u00bb custom_padding__hover=\u00a0\u00bb|||\u00a0\u00bb][et_pb_wc_title _builder_version=\u00a0\u00bb4.27.4&Prime; header_font_size=\u00a0\u00bb36px\u00a0\u00bb global_colors_info=\u00a0\u00bb{}\u00a0\u00bb][\/et_pb_wc_title][et_pb_wc_price _builder_version=\u00a0\u00bb4.16&Prime; global_colors_info=\u00a0\u00bb{}\u00a0\u00bb][\/et_pb_wc_price][et_pb_wc_description _builder_version=\u00a0\u00bb4.16&Prime; global_colors_info=\u00a0\u00bb{}\u00a0\u00bb][\/et_pb_wc_description][et_pb_wc_add_to_cart _builder_version=\u00a0\u00bb4.27.4&Prime; field_label_text_align=\u00a0\u00bbcenter\u00a0\u00bb fields_text_align=\u00a0\u00bbcenter\u00a0\u00bb button_bg_color=\u00a0\u00bb#E09900&Prime; border_color_all_fields=\u00a0\u00bb#a9804a\u00a0\u00bb global_colors_info=\u00a0\u00bb{%22gcid-36fd78a7-34bc-404d-873c-dafa34efaae5%22:%91%22icon_color%22,%22icon_color%22,%22icon_color%22,%22icon_color%22,%22icon_color%22%93,%22gcid-heading-color%22:%91%22field_label_text_color%22,%22field_label_text_color%22,%22field_label_text_color%22,%22field_label_text_color%22,%22field_label_text_color%22%93,%22gcid-body-color%22:%91%22fields_text_color%22,%22fields_focus_text_color%22,%22dropdown_menus_text_color%22,%22dropdown_menus_focus_text_color%22,%22fields_text_color%22,%22fields_focus_text_color%22,%22dropdown_menus_text_color%22,%22dropdown_menus_focus_text_color%22,%22fields_text_color%22,%22fields_focus_text_color%22,%22dropdown_menus_text_color%22,%22dropdown_menus_focus_text_color%22,%22fields_text_color%22,%22fields_focus_text_color%22,%22dropdown_menus_text_color%22,%22dropdown_menus_focus_text_color%22,%22fields_text_color%22,%22fields_focus_text_color%22,%22dropdown_menus_text_color%22,%22dropdown_menus_focus_text_color%22%93}\u00a0\u00bb button_bg_color__hover_enabled=\u00a0\u00bbon|hover\u00a0\u00bb button_bg_color__hover=\u00a0\u00bbrgba(169,128,74,0.74)\u00a0\u00bb button_bg_enable_color__hover=\u00a0\u00bbon\u00a0\u00bb][\/et_pb_wc_add_to_cart][\/et_pb_column][\/et_pb_row][et_pb_row _builder_version=\u00a0\u00bb4.16&Prime; background_size=\u00a0\u00bbinitial\u00a0\u00bb background_position=\u00a0\u00bbtop_left\u00a0\u00bb background_repeat=\u00a0\u00bbrepeat\u00a0\u00bb width=\u00a0\u00bb100%\u00a0\u00bb global_colors_info=\u00a0\u00bb{}\u00a0\u00bb][et_pb_column type=\u00a0\u00bb4_4&Prime; _builder_version=\u00a0\u00bb4.16&Prime; custom_padding=\u00a0\u00bb|||\u00a0\u00bb global_colors_info=\u00a0\u00bb{}\u00a0\u00bb custom_padding__hover=\u00a0\u00bb|||\u00a0\u00bb][et_pb_wc_tabs active_tab_background_color=\u00a0\u00bb#a9804a\u00a0\u00bb active_tab_text_color=\u00a0\u00bb#FFFFFF\u00a0\u00bb _builder_version=\u00a0\u00bb4.27.4&Prime; global_colors_info=\u00a0\u00bb{%22gcid-primary-color%22:%91%22body_link_text_color%22,%22link_text_color%22%93,%22gcid-body-color%22:%91%22body_text_color%22,%22text_text_color%22%93,%22gcid-heading-color%22:%91%22header_2_text_color%22,%22header_text_color%22,%22header_3_text_color%22,%22header_4_text_color%22,%22header_5_text_color%22,%22header_6_text_color%22,%22quote_text_color%22%93,%22gcid-7cadd8b3-5228-48e4-90c4-212d09232f7b%22:%91%22text_text_color%22%93,%22gcid-f2943306-fa6c-45f0-b632-5fc00151366a%22:%91%22link_text_color%22%93,%22gcid-secondary-color%22:%91%22quote_border_color%22%93}\u00a0\u00bb]\t\t\t\t\t[\/et_pb_wc_tabs][et_pb_wc_upsells _builder_version=\u00a0\u00bb4.16&Prime; global_colors_info=\u00a0\u00bb{}\u00a0\u00bb][\/et_pb_wc_upsells][et_pb_wc_related_products _builder_version=\u00a0\u00bb4.16&Prime; global_colors_info=\u00a0\u00bb{}\u00a0\u00bb][\/et_pb_wc_related_products][\/et_pb_column][\/et_pb_row][\/et_pb_section]<\/p>\n","protected":false},"excerpt":{"rendered":"","protected":false},"featured_media":533,"template":"","meta":{"_et_pb_use_builder":"on","_et_pb_old_content":"<strong>Charte de la Nouvelle Terre -Tome I<\/strong>\r\n\r\nEn route pour Terra Nova\r\n\u00c9cole des myst\u00e8res de l\u2019ancienne \u00c9gypte\r\n\r\nLa Charte pour commencer, nous fait voyager au c\u0153ur des civilisations anciennes terrestres, plus pr\u00e9cis\u00e9ment dans l\u2019ancienne \u00c9gypte.\r\n\r\n284 pages\r\n17x24 cm\r\n\r\n<strong>Disponible \u00e0 l'exp\u00e9dition en France et Outre-mer, Espagne, Belgique, Suisse &amp; Canada\r\nDisponible en boutique : <\/strong>La librairie Davagnier 3 place jean marcellin 05000 Gap - 04 92 50 01 17<strong>\r\n<\/strong>","_et_gb_content_width":""},"product_brand":[],"product_cat":[27],"product_tag":[],"class_list":{"0":"post-532","1":"product","2":"type-product","3":"status-publish","4":"has-post-thumbnail","6":"product_cat-tome","8":"first","9":"instock","10":"shipping-taxable","11":"purchasable","12":"product-type-simple"},"_links":{"self":[{"href":"https:\/\/lyradelalyre.com\/index.php\/wp-json\/wp\/v2\/product\/532","targetHints":{"allow":["GET"]}}],"collection":[{"href":"https:\/\/lyradelalyre.com\/index.php\/wp-json\/wp\/v2\/product"}],"about":[{"href":"https:\/\/lyradelalyre.com\/index.php\/wp-json\/wp\/v2\/types\/product"}],"wp:featuredmedia":[{"embeddable":true,"href":"https:\/\/lyradelalyre.com\/index.php\/wp-json\/wp\/v2\/media\/533"}],"wp:attachment":[{"href":"https:\/\/lyradelalyre.com\/index.php\/wp-json\/wp\/v2\/media?parent=532"}],"wp:term":[{"taxonomy":"product_brand","embeddable":true,"href":"https:\/\/lyradelalyre.com\/index.php\/wp-json\/wp\/v2\/product_brand?post=532"},{"taxonomy":"product_cat","embeddable":true,"href":"https:\/\/lyradelalyre.com\/index.php\/wp-json\/wp\/v2\/product_cat?post=532"},{"taxonomy":"product_tag","embeddable":true,"href":"https:\/\/lyradelalyre.com\/index.php\/wp-json\/wp\/v2\/product_tag?post=532"}],"curies":[{"name":"wp","href":"https:\/\/api.w.org\/{rel}","templated":true}]}}