{"id":429,"date":"2024-11-22T16:19:18","date_gmt":"2024-11-22T15:19:18","guid":{"rendered":"https:\/\/lyradelalyre.com\/?page_id=429"},"modified":"2024-11-25T12:30:15","modified_gmt":"2024-11-25T11:30:15","slug":"a-propos","status":"publish","type":"page","link":"https:\/\/lyradelalyre.com\/index.php\/a-propos\/","title":{"rendered":"\u00c0 propos"},"content":{"rendered":"<p>[et_pb_section fb_built=\u00a0\u00bb1&Prime; _builder_version=\u00a0\u00bb4.26.0&Prime; _module_preset=\u00a0\u00bbdefault\u00a0\u00bb background_enable_color=\u00a0\u00bboff\u00a0\u00bb background_image=\u00a0\u00bbhttps:\/\/lyradelalyre.com\/wp-content\/uploads\/2024\/10\/IMG_3229-copie-copie.jpg\u00a0\u00bb background_size=\u00a0\u00bbcover\u00a0\u00bb background_position=\u00a0\u00bbcenter\u00a0\u00bb custom_padding=\u00a0\u00bb||0px|||\u00a0\u00bb hover_enabled=\u00a0\u00bb0&Prime; global_colors_info=\u00a0\u00bb{}\u00a0\u00bb background_color_gradient_stops=\u00a0\u00bb#000000 0%|rgba(0,0,0,0.52) 100%\u00a0\u00bb sticky_enabled=\u00a0\u00bb0&Prime;][et_pb_row _builder_version=\u00a0\u00bb4.26.0&Prime; _module_preset=\u00a0\u00bbdefault\u00a0\u00bb global_colors_info=\u00a0\u00bb{}\u00a0\u00bb][et_pb_column type=\u00a0\u00bb4_4&Prime; _builder_version=\u00a0\u00bb4.26.0&Prime; _module_preset=\u00a0\u00bbdefault\u00a0\u00bb global_colors_info=\u00a0\u00bb{}\u00a0\u00bb][et_pb_text _builder_version=\u00a0\u00bb4.26.0&Prime; _module_preset=\u00a0\u00bbdefault\u00a0\u00bb text_text_color=\u00a0\u00bb#FFFFFF\u00a0\u00bb global_colors_info=\u00a0\u00bb{%22gcid-primary-color%22:%91%22link_text_color%22,%22link_text_color%22%93,%22gcid-heading-color%22:%91%22header_text_color%22,%22header_4_text_color%22,%22header_3_text_color%22,%22header_2_text_color%22,%22header_5_text_color%22,%22header_6_text_color%22,%22quote_text_color%22,%22header_text_color%22,%22header_4_text_color%22,%22header_3_text_color%22,%22header_2_text_color%22,%22header_5_text_color%22,%22header_6_text_color%22,%22quote_text_color%22%93,%22gcid-secondary-color%22:%91%22quote_border_color%22,%22quote_border_color%22%93}\u00a0\u00bb]<\/p>\n<p style=\"text-align: justify;\">Des aventuriers, chasseurs de tr\u00e9sors d\u2019un nouveau genre se propagent sur notre plan\u00e8te &#8230; Ils ne sont pas en qu\u00eate de bijoux ou de pi\u00e8ces d\u2019or, leur exploration ne se d\u00e9roule pas dans notre monde mais sur des terres inconnues : au c\u0153ur des tr\u00e9fonds de la conscience. Ils ne cachent pas leurs butins mais les partagent, pour vous offrir des cl\u00e9s et portes de sorties vers une \u00e8re extraordinaire et fantastique !<\/p>\n<p style=\"text-align: justify;\">Une de ces exploratrices a ramen\u00e9 depuis ses voyages inter dimensionnels un livre extr\u00eamement pr\u00e9cieux :<\/p>\n<h2 style=\"text-align: center;\"><\/h2>\n<p>[\/et_pb_text][et_pb_text _builder_version=\u00a0\u00bb4.26.0&Prime; _module_preset=\u00a0\u00bbdefault\u00a0\u00bb text_text_color=\u00a0\u00bb#FFFFFF\u00a0\u00bb text_font_size_phone=\u00a0\u00bb10px\u00a0\u00bb header_font_size_phone=\u00a0\u00bb2px\u00a0\u00bb global_colors_info=\u00a0\u00bb{%22gcid-primary-color%22:%91%22link_text_color%22,%22link_text_color%22%93,%22gcid-heading-color%22:%91%22header_text_color%22,%22header_4_text_color%22,%22header_3_text_color%22,%22header_2_text_color%22,%22header_5_text_color%22,%22header_6_text_color%22,%22quote_text_color%22,%22header_text_color%22,%22header_4_text_color%22,%22header_3_text_color%22,%22header_2_text_color%22,%22header_5_text_color%22,%22header_6_text_color%22,%22quote_text_color%22%93,%22gcid-secondary-color%22:%91%22quote_border_color%22,%22quote_border_color%22%93}\u00a0\u00bb]<\/p>\n<h2 style=\"text-align: center;\"><span style=\"font-size: x-large;\"><span style=\"font-family: 'Alex Brush'; font-weight: normal; color: #ffffff;\"><strong>La Charte de la\u00a0 <\/strong><\/span><span style=\"font-family: 'Alex Brush'; font-weight: normal; color: #ffffff;\"><strong>Nouvelle Terre<\/strong><\/span><\/span><\/h2>\n<p style=\"text-align: justify;\">\n<h2 style=\"text-align: center;\"><\/h2>\n<p>[\/et_pb_text][et_pb_button button_url=\u00a0\u00bbhttps:\/\/lyradelalyre.sumupstore.com\/\u00a0\u00bb button_text=\u00a0\u00bbCommander le livre\u00a0\u00bb button_alignment=\u00a0\u00bbcenter\u00a0\u00bb button_alignment_last_edited=\u00a0\u00bboff|tablet\u00a0\u00bb _builder_version=\u00a0\u00bb4.26.0&Prime; button_text_size=\u00a0\u00bb15px\u00a0\u00bb button_bg_color=\u00a0\u00bb#a9804a\u00a0\u00bb button_border_radius=\u00a0\u00bb5px\u00a0\u00bb button_font=\u00a0\u00bbJosefin Sans|600|||||||\u00a0\u00bb background_layout=\u00a0\u00bbdark\u00a0\u00bb custom_margin=\u00a0\u00bb||65px|||\u00a0\u00bb custom_padding=\u00a0\u00bb5px|15px|5px|15px|true|true\u00a0\u00bb button_text_size_tablet=\u00a0\u00bb18px\u00a0\u00bb button_text_size_phone=\u00a0\u00bb14px\u00a0\u00bb button_text_size_last_edited=\u00a0\u00bbon|phone\u00a0\u00bb locked=\u00a0\u00bboff\u00a0\u00bb global_colors_info=\u00a0\u00bb{}\u00a0\u00bb][\/et_pb_button][et_pb_gallery gallery_ids=\u00a0\u00bb228,230,231,232&Prime; orientation=\u00a0\u00bbportrait\u00a0\u00bb show_title_and_caption=\u00a0\u00bboff\u00a0\u00bb show_pagination=\u00a0\u00bboff\u00a0\u00bb _builder_version=\u00a0\u00bb4.26.0&Prime; _module_preset=\u00a0\u00bbdefault\u00a0\u00bb title_text_align=\u00a0\u00bbcenter\u00a0\u00bb text_orientation=\u00a0\u00bbcenter\u00a0\u00bb width=\u00a0\u00bb100%\u00a0\u00bb module_alignment=\u00a0\u00bbcenter\u00a0\u00bb global_colors_info=\u00a0\u00bb{}\u00a0\u00bb][\/et_pb_gallery][et_pb_text _builder_version=\u00a0\u00bb4.26.0&Prime; _module_preset=\u00a0\u00bbdefault\u00a0\u00bb text_text_color=\u00a0\u00bb#FFFFFF\u00a0\u00bb global_colors_info=\u00a0\u00bb{%22gcid-primary-color%22:%91%22link_text_color%22,%22link_text_color%22%93,%22gcid-heading-color%22:%91%22header_text_color%22,%22header_4_text_color%22,%22header_3_text_color%22,%22header_2_text_color%22,%22header_5_text_color%22,%22header_6_text_color%22,%22quote_text_color%22,%22header_text_color%22,%22header_4_text_color%22,%22header_3_text_color%22,%22header_2_text_color%22,%22header_5_text_color%22,%22header_6_text_color%22,%22quote_text_color%22%93,%22gcid-secondary-color%22:%91%22quote_border_color%22,%22quote_border_color%22%93}\u00a0\u00bb]<\/p>\n<h1><span style=\"font-size: xx-large; color: #ffffff;\">Pr\u00e9sentation des Tomes I, II, III, IV<\/span><\/h1>\n<p>Depuis des mill\u00e9naires, les terriens \u00e9voluent dans un monde difficile, marqu\u00e9 par des guerres, des g\u00e9nocides, des conflits id\u00e9ologiques ou religieux &#8230; Nourris par des sentiments de haine, jugement, jalousie, in\u00e9galit\u00e9, peurs. Cependant, nous avons aussi la chance de vivre sur une plan\u00e8te splendide et abondante en diversit\u00e9 et beaut\u00e9 &#8230;<\/p>\n<p>L\u2019ensemble des habitants de la Terre per\u00e7oit que notre mod\u00e8le civilisationnel est en bout de course par un syst\u00e8me \u00e9conomique et capitaliste qui montre ses limites, un \u00e9quilibre \u00e9cologique gravement mis \u00e0 mal puisque surexploit\u00e9 dangereusement par nos modes de vies exag\u00e9r\u00e9ment consum\u00e9ristes.<\/p>\n<p>Partant que de constat que faire ? Et s\u2019il \u00e9tait possible de vivre autrement ?<br \/>Serait-il plus que temps de reconsid\u00e9rer au plus vite l\u2019ensemble de nos valeurs personnelles, soci\u00e9tales et environnementales ? De plus en plus de personnes, qualifi\u00e9es de \u00ab connect\u00e9es \u00bb sur d\u2019autres niveaux de conscience, re\u00e7oivent des messages qui les pr\u00e9parent \u00e0 <strong>une transition majeure et un grand bouleversement plan\u00e9taire &#8230;<\/strong> Ils pr\u00e9tendent m\u00eame \u00eatre en communication avec des sages issues d\u2019autres dimensions et existant ailleurs dans le cosmos.<\/p>\n<p>[\/et_pb_text][et_pb_gallery gallery_ids=\u00a0\u00bb233,234&Prime; orientation=\u00a0\u00bbportrait\u00a0\u00bb show_title_and_caption=\u00a0\u00bboff\u00a0\u00bb show_pagination=\u00a0\u00bboff\u00a0\u00bb _builder_version=\u00a0\u00bb4.26.0&Prime; _module_preset=\u00a0\u00bbdefault\u00a0\u00bb title_text_align=\u00a0\u00bbcenter\u00a0\u00bb text_orientation=\u00a0\u00bbcenter\u00a0\u00bb width=\u00a0\u00bb100%\u00a0\u00bb module_alignment=\u00a0\u00bbcenter\u00a0\u00bb global_colors_info=\u00a0\u00bb{}\u00a0\u00bb][\/et_pb_gallery][et_pb_button button_url=\u00a0\u00bbhttps:\/\/lyradelalyre.sumupstore.com\/\u00a0\u00bb button_text=\u00a0\u00bbCommander le livre\u00a0\u00bb button_alignment=\u00a0\u00bbcenter\u00a0\u00bb button_alignment_last_edited=\u00a0\u00bboff|tablet\u00a0\u00bb _builder_version=\u00a0\u00bb4.26.0&Prime; button_text_size=\u00a0\u00bb15px\u00a0\u00bb button_bg_color=\u00a0\u00bb#a9804a\u00a0\u00bb button_border_radius=\u00a0\u00bb5px\u00a0\u00bb button_font=\u00a0\u00bbJosefin Sans|600|||||||\u00a0\u00bb background_layout=\u00a0\u00bbdark\u00a0\u00bb custom_margin=\u00a0\u00bb||65px|||\u00a0\u00bb custom_padding=\u00a0\u00bb5px|15px|5px|15px|true|true\u00a0\u00bb button_text_size_tablet=\u00a0\u00bb18px\u00a0\u00bb button_text_size_phone=\u00a0\u00bb14px\u00a0\u00bb button_text_size_last_edited=\u00a0\u00bbon|phone\u00a0\u00bb locked=\u00a0\u00bboff\u00a0\u00bb global_colors_info=\u00a0\u00bb{}\u00a0\u00bb][\/et_pb_button][et_pb_text _builder_version=\u00a0\u00bb4.26.0&Prime; _module_preset=\u00a0\u00bbdefault\u00a0\u00bb text_text_color=\u00a0\u00bb#FFFFFF\u00a0\u00bb global_colors_info=\u00a0\u00bb{%22gcid-primary-color%22:%91%22link_text_color%22,%22link_text_color%22%93,%22gcid-heading-color%22:%91%22header_text_color%22,%22header_4_text_color%22,%22header_3_text_color%22,%22header_2_text_color%22,%22header_5_text_color%22,%22header_6_text_color%22,%22quote_text_color%22,%22header_text_color%22,%22header_4_text_color%22,%22header_3_text_color%22,%22header_2_text_color%22,%22header_5_text_color%22,%22header_6_text_color%22,%22quote_text_color%22%93,%22gcid-secondary-color%22:%91%22quote_border_color%22,%22quote_border_color%22%93}\u00a0\u00bb]<\/p>\n<p style=\"text-align: justify;\"><strong>Se pourrait-il au final que nous ne soyons pas seuls dans l\u2019univers et que d\u2019autres civilisations \u00e9volu\u00e9es existent ?<\/strong><\/p>\n<p style=\"text-align: justify;\">Jusqu\u2019\u00e0 pr\u00e9sent, une politique et campagne de stigmatisation syst\u00e9matique a \u00e9t\u00e9 men\u00e9 \u00e0 l\u2019encontre de personne ayant vu des ovnis ou en contact avec des extraterrestres. Cependant, certaines personnalit\u00e9s ou institutions officielles commencent \u00e0 avouer, \u00e0 demi-mot, la r\u00e9elle existence de formes de vies intelligentes en dehors de la Terre. R\u00e9cemment, en juillet 2023, le congr\u00e8s am\u00e9ricain a auditionn\u00e9 un colonel de l\u2019arm\u00e9e am\u00e9ricaine et responsable dans le domaine du renseignement, qui divulguait la dissimulation par les autorit\u00e9s de preuves technologies et de vies extraterrestres. Ou bien encore, Paul Hellyer , ancien Ministre de la D\u00e9fense du Canada, d\u00e9crit pr\u00e9cis\u00e9ment diff\u00e9rentes races galactiques et des vaisseaux pr\u00e9sents sur notre plan\u00e8te. Mais \u00e9galement l\u2019ancien directeur du programme spatial isra\u00e9lien, Haim Eshed, a r\u00e9v\u00e9l\u00e9 l\u2019existence d\u2019une f\u00e9d\u00e9ration galactique &#8230; La liste est longue.<\/p>\n<p style=\"text-align: justify;\">Nous aurait-on menti depuis bien longtemps ?<br \/>Et sur combien d\u2019autres sujets majeurs ?<br \/>Existerait-il une autre version de l\u2019histoire soigneusement cach\u00e9e ?<br \/>Le monde serait-il bien plus riche, vaste et fantastique que nous le pensions ?<br \/>D\u2019o\u00f9 venons-nous ?<br \/>Pourquoi sommes-nous venus sur la Terre et o\u00f9 allons-nous ?<br \/>Les myst\u00e9rieuses pyramides \u00e9gyptiennes ou Maya, seraient-elles en lien avec des myst\u00e8res et secrets non encore \u00e9lucid\u00e9s ?<\/p>\n<p style=\"text-align: justify;\">Depuis plusieurs ann\u00e9es, Lyra, lors de ses voyages inter dimensionnels en exploration de conscience, re\u00e7oit les enseignements de guides d\u2019autres mondes et origines stellaires qui lui dict\u00e8rent un livre ambitieux :<\/p>\n<p style=\"text-align: justify;\"><span style=\"font-family: 'Alex Brush'; font-weight: normal; font-size: xx-large;\"><strong>La Charte de la Nouvelle Terre<\/strong><\/span><\/p>\n<p style=\"text-align: justify;\">De civilisations anciennes terrestres jusqu\u2019\u00e0 galactiques et m\u00eame extras galactiques, voici <strong>des sagesses et de nouvelles fondations<\/strong> pour nous aider \u00e0 passer un cap mondial r\u00e9volutionnaire : <strong>la naissance d\u2019un nouvel \u00eatre humain et d\u2019une nouvelle plan\u00e8te<\/strong> qui basculent vers d\u2019autres dimensions pour <strong>se r\u00e9 ouvrir enfin sur l\u2019Univers et une infinit\u00e9 de possibilit\u00e9s \u00e0 \u00caTRE.<\/strong> Ainsi ces pr\u00e9cieux \u00e9crits nous exposent d\u2019autres perceptions, enjeux et divulgations d\u2019envergures sur de nombreuses th\u00e9matiques d\u2019importance capitale dont des capacit\u00e9s magiques incommensurables \u00e0 r\u00e9v\u00e9ler en chacun de nous.<\/p>\n<p>[\/et_pb_text][et_pb_gallery gallery_ids=\u00a0\u00bb237&Prime; fullwidth=\u00a0\u00bbon\u00a0\u00bb _builder_version=\u00a0\u00bb4.26.0&Prime; _module_preset=\u00a0\u00bbdefault\u00a0\u00bb title_text_align=\u00a0\u00bbcenter\u00a0\u00bb text_orientation=\u00a0\u00bbcenter\u00a0\u00bb width=\u00a0\u00bb26%\u00a0\u00bb module_alignment=\u00a0\u00bbcenter\u00a0\u00bb global_colors_info=\u00a0\u00bb{}\u00a0\u00bb][\/et_pb_gallery][et_pb_text _builder_version=\u00a0\u00bb4.26.0&Prime; _module_preset=\u00a0\u00bbdefault\u00a0\u00bb text_text_color=\u00a0\u00bb#FFFFFF\u00a0\u00bb global_colors_info=\u00a0\u00bb{%22gcid-primary-color%22:%91%22link_text_color%22,%22link_text_color%22%93,%22gcid-heading-color%22:%91%22header_text_color%22,%22header_4_text_color%22,%22header_3_text_color%22,%22header_2_text_color%22,%22header_5_text_color%22,%22header_6_text_color%22,%22quote_text_color%22,%22header_text_color%22,%22header_4_text_color%22,%22header_3_text_color%22,%22header_2_text_color%22,%22header_5_text_color%22,%22header_6_text_color%22,%22quote_text_color%22%93,%22gcid-secondary-color%22:%91%22quote_border_color%22,%22quote_border_color%22%93}\u00a0\u00bb]<\/p>\n<p style=\"text-align: justify;\">Comment pourrions-nous \u00e9voluer ou nous r\u00e9veiller, sans l\u2019appui d\u2019 informations novatrices et r\u00e9v\u00e9lations contribuant \u00e0 l\u2019\u00e9largissement du prisme de notre perception ?<\/p>\n<p style=\"text-align: justify;\">La Charte de la Nouvelle Terre nous pr\u00e9sente des ouvertures et d\u2019autres perspectives de compr\u00e9hension sur le champ des possibles pour nous aider \u00e0 grandir pour d\u00e9velopper nos propres sagesses et exp\u00e9riences, afin de redevenir l\u2019\u00eatre souverain autonome et ind\u00e9pendant que nous \u00e9tions avant l\u2019amn\u00e9sie provoqu\u00e9e par notre incarnation terrestre.<\/p>\n<p style=\"text-align: justify;\">Cet ouvrage relate aussi du r\u00e9cit d\u2019une \u00e2me qui se pensait \u00eatre exclusivement une terrienne, et qui, peu \u00e0 peu, retrouve le parcours vers sa supra conscience et ses origines cosmiques. Cette trajectoire atypique, qui semblait \u00eatre au d\u00e9part, personnelle, nous replace tous au final dans notre positionnement originel : <strong>UNIVERSEL ET MULTIDIMENSIONNEL<\/strong> . Si le c\u0153ur vous en dit, laissez-vous transporter dans une aventure extraordinaire in\u00e9dite qui pourrait bien bouleverser le cours votre existence en vous faisant entrevoir <strong>le d\u00e9but d\u2019une toute nouvelle \u00e8re fantastique o\u00f9 nous serons les acteurs majeurs.<\/strong><\/p>\n<p>[\/et_pb_text][et_pb_button button_url=\u00a0\u00bbhttps:\/\/lyradelalyre.sumupstore.com\/\u00a0\u00bb button_text=\u00a0\u00bbCommander le livre\u00a0\u00bb button_alignment=\u00a0\u00bbcenter\u00a0\u00bb button_alignment_last_edited=\u00a0\u00bboff|tablet\u00a0\u00bb _builder_version=\u00a0\u00bb4.26.0&Prime; button_text_size=\u00a0\u00bb15px\u00a0\u00bb button_bg_color=\u00a0\u00bb#a9804a\u00a0\u00bb button_border_radius=\u00a0\u00bb5px\u00a0\u00bb button_font=\u00a0\u00bbJosefin Sans|600|||||||\u00a0\u00bb background_layout=\u00a0\u00bbdark\u00a0\u00bb custom_margin=\u00a0\u00bb||65px|||\u00a0\u00bb custom_padding=\u00a0\u00bb5px|15px|5px|15px|true|true\u00a0\u00bb button_text_size_tablet=\u00a0\u00bb18px\u00a0\u00bb button_text_size_phone=\u00a0\u00bb14px\u00a0\u00bb button_text_size_last_edited=\u00a0\u00bbon|phone\u00a0\u00bb locked=\u00a0\u00bboff\u00a0\u00bb global_colors_info=\u00a0\u00bb{}\u00a0\u00bb][\/et_pb_button][\/et_pb_column][\/et_pb_row][\/et_pb_section]<\/p>\n","protected":false},"excerpt":{"rendered":"<p>Des aventuriers, chasseurs de tr\u00e9sors d\u2019un nouveau genre se propagent sur notre plan\u00e8te &#8230; Ils ne sont pas en qu\u00eate de bijoux ou de pi\u00e8ces d\u2019or, leur exploration ne se d\u00e9roule pas dans notre monde mais sur des terres inconnues : au c\u0153ur des tr\u00e9fonds de la conscience. Ils ne cachent pas leurs butins mais [&hellip;]<\/p>\n","protected":false},"author":1,"featured_media":0,"parent":0,"menu_order":0,"comment_status":"closed","ping_status":"closed","template":"","meta":{"_et_pb_use_builder":"on","_et_pb_old_content":"<!-- wp:divi\/placeholder \/-->","_et_gb_content_width":"","footnotes":""},"class_list":["post-429","page","type-page","status-publish","hentry"],"_links":{"self":[{"href":"https:\/\/lyradelalyre.com\/index.php\/wp-json\/wp\/v2\/pages\/429","targetHints":{"allow":["GET"]}}],"collection":[{"href":"https:\/\/lyradelalyre.com\/index.php\/wp-json\/wp\/v2\/pages"}],"about":[{"href":"https:\/\/lyradelalyre.com\/index.php\/wp-json\/wp\/v2\/types\/page"}],"author":[{"embeddable":true,"href":"https:\/\/lyradelalyre.com\/index.php\/wp-json\/wp\/v2\/users\/1"}],"replies":[{"embeddable":true,"href":"https:\/\/lyradelalyre.com\/index.php\/wp-json\/wp\/v2\/comments?post=429"}],"version-history":[{"count":2,"href":"https:\/\/lyradelalyre.com\/index.php\/wp-json\/wp\/v2\/pages\/429\/revisions"}],"predecessor-version":[{"id":457,"href":"https:\/\/lyradelalyre.com\/index.php\/wp-json\/wp\/v2\/pages\/429\/revisions\/457"}],"wp:attachment":[{"href":"https:\/\/lyradelalyre.com\/index.php\/wp-json\/wp\/v2\/media?parent=429"}],"curies":[{"name":"wp","href":"https:\/\/api.w.org\/{rel}","templated":true}]}}