{"id":181,"date":"2024-10-21T11:13:47","date_gmt":"2024-10-21T09:13:47","guid":{"rendered":"https:\/\/lyradelalyre.com\/?page_id=181"},"modified":"2024-11-25T14:20:19","modified_gmt":"2024-11-25T13:20:19","slug":"tome-iv","status":"publish","type":"page","link":"https:\/\/lyradelalyre.com\/index.php\/tome-iv\/","title":{"rendered":"Tome IV"},"content":{"rendered":"<p>[et_pb_section fb_built=\u00a0\u00bb1&Prime; _builder_version=\u00a0\u00bb4.26.0&Prime; _module_preset=\u00a0\u00bbdefault\u00a0\u00bb background_enable_color=\u00a0\u00bboff\u00a0\u00bb use_background_color_gradient=\u00a0\u00bboff\u00a0\u00bb background_image=\u00a0\u00bbhttps:\/\/lyradelalyre.com\/wp-content\/uploads\/2024\/10\/fond-7-8-9-10-.webp\u00a0\u00bb background_size=\u00a0\u00bbcover\u00a0\u00bb global_colors_info=\u00a0\u00bb{}\u00a0\u00bb][et_pb_row column_structure=\u00a0\u00bb1_2,1_2&Prime; _builder_version=\u00a0\u00bb4.26.0&Prime; _module_preset=\u00a0\u00bbdefault\u00a0\u00bb global_colors_info=\u00a0\u00bb{}\u00a0\u00bb][et_pb_column type=\u00a0\u00bb1_2&Prime; _builder_version=\u00a0\u00bb4.26.0&Prime; _module_preset=\u00a0\u00bbdefault\u00a0\u00bb global_colors_info=\u00a0\u00bb{}\u00a0\u00bb][et_pb_image src=\u00a0\u00bbhttps:\/\/lyradelalyre.com\/wp-content\/uploads\/2024\/10\/IMG_2494.jpg\u00a0\u00bb title_text=\u00a0\u00bbIMG_2494&Prime; _builder_version=\u00a0\u00bb4.26.0&Prime; _module_preset=\u00a0\u00bbdefault\u00a0\u00bb global_colors_info=\u00a0\u00bb{}\u00a0\u00bb][\/et_pb_image][\/et_pb_column][et_pb_column type=\u00a0\u00bb1_2&Prime; _builder_version=\u00a0\u00bb4.26.0&Prime; _module_preset=\u00a0\u00bbdefault\u00a0\u00bb global_colors_info=\u00a0\u00bb{}\u00a0\u00bb][et_pb_image src=\u00a0\u00bbhttps:\/\/lyradelalyre.com\/wp-content\/uploads\/2024\/10\/IMG_0943-2.png\u00a0\u00bb title_text=\u00a0\u00bbIMG_0943 2&Prime; _builder_version=\u00a0\u00bb4.26.0&Prime; _module_preset=\u00a0\u00bbdefault\u00a0\u00bb global_colors_info=\u00a0\u00bb{}\u00a0\u00bb][\/et_pb_image][\/et_pb_column][\/et_pb_row][et_pb_row _builder_version=\u00a0\u00bb4.26.0&Prime; _module_preset=\u00a0\u00bbdefault\u00a0\u00bb global_colors_info=\u00a0\u00bb{}\u00a0\u00bb][et_pb_column type=\u00a0\u00bb4_4&Prime; _builder_version=\u00a0\u00bb4.26.0&Prime; _module_preset=\u00a0\u00bbdefault\u00a0\u00bb global_colors_info=\u00a0\u00bb{}\u00a0\u00bb][et_pb_text _builder_version=\u00a0\u00bb4.26.0&Prime; _module_preset=\u00a0\u00bbdefault\u00a0\u00bb text_text_color=\u00a0\u00bb#FFFFFF\u00a0\u00bb global_colors_info=\u00a0\u00bb{%22gcid-primary-color%22:%91%22link_text_color%22%93,%22gcid-heading-color%22:%91%22header_text_color%22,%22header_4_text_color%22,%22header_3_text_color%22,%22header_2_text_color%22,%22header_5_text_color%22,%22header_6_text_color%22,%22quote_text_color%22%93,%22gcid-secondary-color%22:%91%22quote_border_color%22%93}\u00a0\u00bb]<\/p>\n<div class=\"page\" title=\"Page 9\">\n<div class=\"section\">\n<div class=\"layoutArea\">\n<div class=\"column\">\n<p><span style=\"font-size: x-large;\"><strong>Charte de la Nouvelle Terre &#8211; Tome <\/strong><strong>IV<br \/><\/strong><\/span><span>En route pour Terra Nova<br \/><\/span><\/p>\n<div class=\"page\" title=\"Page 10\">\n<div class=\"section\">\n<div class=\"layoutArea\">\n<div class=\"column\">\n<p class=\"p1\"><i>Sagesses des civilisations oubli\u00e9es de l\u2019Intra Terrestre, des Arches <\/i><i>et des peuples extra galactiques : Les Hathors<\/i><span><\/span><\/p>\n<p class=\"p1\"><i><\/i><\/p>\n<p class=\"p1\"><i><\/i><\/p>\n<\/div>\n<\/div>\n<\/div>\n<\/div>\n<p><span><\/span><\/p>\n<div class=\"page\" title=\"Page 9\">\n<div class=\"section\">\n<div class=\"layoutArea\">\n<div class=\"column\">\n<div class=\"page\" title=\"Page 10\">\n<div class=\"section\">\n<div class=\"layoutArea\">\n<div class=\"column\">\n<p>La Charte dans ce tome IV, nous emporte au coeur de civilisations et plus en plus intrigantes et fabuleuses &#8230; Nous voici \u00e0 nouveau sur notre plan\u00e8te Terre, cependant \u00e0 la d\u00e9couverte d\u2019autres dimensions et mondes oubli\u00e9s &#8230; Ces peuples et certains guides inattendus qui vous surprendront, nous offrent des tr\u00e9sors de compr\u00e9hension sur nous- m\u00eames, d\u2019autres technologies, art de vivre et nous font envisager \u00e9galement de futures collaborations. D\u2019autres essences \u00e9tonnantes sous forme de vaisseaux telles que les arches, nous d\u00e9livrent \u00e9galement quelques uns de leurs secrets. Lyra p\u00e9n\u00e8tre m\u00eame dans l\u2019une d\u2019entre elle pour <strong>vivre une m\u00e9tamorphose d\u00e9tonante !<\/strong> Enfin nous voyagerons vers un monde qui \u00e9tait inconnu de Lyra : les Hathors, pour explorer des sagesses, non des moindres &#8230; puisque EXTRA GALACTIQUES !!!<\/p>\n<p><strong>Un nouveau champ des possibles qui s\u2019\u00e9largit \u00e0 nouveau, au sein de densit\u00e9s toujours plus exponentielles vers d\u2019infinis autres v\u00e9rit\u00e9s qui vous transformeront \u00e0 tout jamais . Ce tome IV d\u00e9livre de nouvelles cl\u00e9s, le bouquet final de connaissances fantastiques que nous avons la chance de d\u00e9couvrir gr\u00e2ce \u00e0 cette pr\u00e9cieuse Charte de le Nouvelle Terre &#8230;<\/strong><\/p>\n<\/div>\n<\/div>\n<\/div>\n<\/div>\n<\/div>\n<\/div>\n<\/div>\n<\/div>\n<\/div>\n<\/div>\n<\/div>\n<\/div>\n<p>[\/et_pb_text][\/et_pb_column][\/et_pb_row][et_pb_row _builder_version=\u00a0\u00bb4.26.0&Prime; _module_preset=\u00a0\u00bbdefault\u00a0\u00bb global_colors_info=\u00a0\u00bb{}\u00a0\u00bb][et_pb_column type=\u00a0\u00bb4_4&Prime; _builder_version=\u00a0\u00bb4.26.0&Prime; _module_preset=\u00a0\u00bbdefault\u00a0\u00bb global_colors_info=\u00a0\u00bb{}\u00a0\u00bb][et_pb_image src=\u00a0\u00bbhttps:\/\/lyradelalyre.com\/wp-content\/uploads\/2024\/10\/IMG_1062-2.png\u00a0\u00bb title_text=\u00a0\u00bbIMG_1062 2&Prime; _builder_version=\u00a0\u00bb4.26.0&Prime; _module_preset=\u00a0\u00bbdefault\u00a0\u00bb width=\u00a0\u00bb32%\u00a0\u00bb module_alignment=\u00a0\u00bbcenter\u00a0\u00bb global_colors_info=\u00a0\u00bb{}\u00a0\u00bb][\/et_pb_image][\/et_pb_column][\/et_pb_row][et_pb_row _builder_version=\u00a0\u00bb4.26.0&Prime; _module_preset=\u00a0\u00bbdefault\u00a0\u00bb global_colors_info=\u00a0\u00bb{}\u00a0\u00bb][et_pb_column type=\u00a0\u00bb4_4&Prime; _builder_version=\u00a0\u00bb4.26.0&Prime; _module_preset=\u00a0\u00bbdefault\u00a0\u00bb global_colors_info=\u00a0\u00bb{}\u00a0\u00bb][et_pb_button button_text=\u00a0\u00bbProchainement disponible\u00a0\u00bb button_alignment=\u00a0\u00bbleft\u00a0\u00bb button_alignment_last_edited=\u00a0\u00bboff|tablet\u00a0\u00bb _builder_version=\u00a0\u00bb4.26.0&Prime; button_text_size=\u00a0\u00bb15px\u00a0\u00bb button_bg_color=\u00a0\u00bb#a9804a\u00a0\u00bb button_border_radius=\u00a0\u00bb5px\u00a0\u00bb button_font=\u00a0\u00bbJosefin Sans|600|||||||\u00a0\u00bb background_layout=\u00a0\u00bbdark\u00a0\u00bb custom_padding=\u00a0\u00bb5px|15px|5px|15px|true|true\u00a0\u00bb button_text_size_tablet=\u00a0\u00bb18px\u00a0\u00bb button_text_size_phone=\u00a0\u00bb14px\u00a0\u00bb button_text_size_last_edited=\u00a0\u00bbon|phone\u00a0\u00bb locked=\u00a0\u00bboff\u00a0\u00bb global_colors_info=\u00a0\u00bb{}\u00a0\u00bb][\/et_pb_button][\/et_pb_column][\/et_pb_row][\/et_pb_section]<\/p>\n","protected":false},"excerpt":{"rendered":"<p>Charte de la Nouvelle Terre &#8211; Tome IVEn route pour Terra Nova Sagesses des civilisations oubli\u00e9es de l\u2019Intra Terrestre, des Arches et des peuples extra galactiques : Les Hathors La Charte dans ce tome IV, nous emporte au coeur de civilisations et plus en plus intrigantes et fabuleuses &#8230; Nous voici \u00e0 nouveau sur notre [&hellip;]<\/p>\n","protected":false},"author":1,"featured_media":0,"parent":0,"menu_order":0,"comment_status":"closed","ping_status":"closed","template":"","meta":{"_et_pb_use_builder":"on","_et_pb_old_content":"","_et_gb_content_width":"","footnotes":""},"class_list":["post-181","page","type-page","status-publish","hentry"],"_links":{"self":[{"href":"https:\/\/lyradelalyre.com\/index.php\/wp-json\/wp\/v2\/pages\/181","targetHints":{"allow":["GET"]}}],"collection":[{"href":"https:\/\/lyradelalyre.com\/index.php\/wp-json\/wp\/v2\/pages"}],"about":[{"href":"https:\/\/lyradelalyre.com\/index.php\/wp-json\/wp\/v2\/types\/page"}],"author":[{"embeddable":true,"href":"https:\/\/lyradelalyre.com\/index.php\/wp-json\/wp\/v2\/users\/1"}],"replies":[{"embeddable":true,"href":"https:\/\/lyradelalyre.com\/index.php\/wp-json\/wp\/v2\/comments?post=181"}],"version-history":[{"count":6,"href":"https:\/\/lyradelalyre.com\/index.php\/wp-json\/wp\/v2\/pages\/181\/revisions"}],"predecessor-version":[{"id":467,"href":"https:\/\/lyradelalyre.com\/index.php\/wp-json\/wp\/v2\/pages\/181\/revisions\/467"}],"wp:attachment":[{"href":"https:\/\/lyradelalyre.com\/index.php\/wp-json\/wp\/v2\/media?parent=181"}],"curies":[{"name":"wp","href":"https:\/\/api.w.org\/{rel}","templated":true}]}}